{"id":42181,"date":"2025-06-06T05:01:20","date_gmt":"2025-06-06T05:01:20","guid":{"rendered":"https:\/\/buyxpress.com\/pe\/producto\/365-historias-biblicas-para-la-hora-de-dormir-con-mas-de-100-ilustraciones-s\/"},"modified":"2025-06-06T05:01:20","modified_gmt":"2025-06-06T05:01:20","slug":"365-historias-biblicas-para-la-hora-de-dormir-con-mas-de-100-ilustraciones-s","status":"publish","type":"product","link":"https:\/\/buyxpress.com\/pe\/producto\/365-historias-biblicas-para-la-hora-de-dormir-con-mas-de-100-ilustraciones-s\/","title":{"rendered":"365 historias b\u00edblicas para la hora de dormir: con m\u00e1s de 100 ilustraciones (S&#8230;"},"content":{"rendered":"<p>365 historias b\u00edblicas para la hora de dormir: con m\u00e1s de 100 ilustraciones (Spanish Edition)<\/p>\n","protected":false},"excerpt":{"rendered":"<p>365 historias b\u00edblicas para la hora de dormir: con m\u00e1s de 100 ilustraciones (Spanish Edition)<\/p>\n","protected":false},"featured_media":42182,"comment_status":"open","ping_status":"closed","template":"","meta":{"_acf_changed":false,"rank_math_lock_modified_date":false},"product_cat":[483],"product_tag":[],"acf":[],"_links":{"self":[{"href":"https:\/\/buyxpress.com\/pe\/wp-json\/wp\/v2\/product\/42181"}],"collection":[{"href":"https:\/\/buyxpress.com\/pe\/wp-json\/wp\/v2\/product"}],"about":[{"href":"https:\/\/buyxpress.com\/pe\/wp-json\/wp\/v2\/types\/product"}],"replies":[{"embeddable":true,"href":"https:\/\/buyxpress.com\/pe\/wp-json\/wp\/v2\/comments?post=42181"}],"wp:featuredmedia":[{"embeddable":true,"href":"https:\/\/buyxpress.com\/pe\/wp-json\/wp\/v2\/media\/42182"}],"wp:attachment":[{"href":"https:\/\/buyxpress.com\/pe\/wp-json\/wp\/v2\/media?parent=42181"}],"wp:term":[{"taxonomy":"product_cat","embeddable":true,"href":"https:\/\/buyxpress.com\/pe\/wp-json\/wp\/v2\/product_cat?post=42181"},{"taxonomy":"product_tag","embeddable":true,"href":"https:\/\/buyxpress.com\/pe\/wp-json\/wp\/v2\/product_tag?post=42181"}],"curies":[{"name":"wp","href":"https:\/\/api.w.org\/{rel}","templated":true}]}}