{"id":8236,"date":"2022-11-17T10:04:06","date_gmt":"2022-11-17T10:04:06","guid":{"rendered":"https:\/\/dev.buyxpress.com\/producto\/by-apple-super-lash-mexico-mascara-three-piece-variety-set-choose-your-colors-3-pk\/"},"modified":"2024-10-11T12:37:16","modified_gmt":"2024-10-11T12:37:16","slug":"by-apple-super-lash-mexico-mascara-three-piece-variety-set-choose-your-colors-3-pk","status":"publish","type":"product","link":"https:\/\/buyxpress.com\/pe\/producto\/by-apple-super-lash-mexico-mascara-three-piece-variety-set-choose-your-colors-3-pk\/","title":{"rendered":"By Apple Super Lash Mexico Mascara Three Piece Variety Set (Choose your Colors) &#8211; 3 PK"},"content":{"rendered":"<p>Choose Between 3 different types of Apple Mascara. Made in Mexico and enhances the natural volume of your eyelashes. Una m\u00e1scara que potencializa el volumen natural de tus pesta\u00f1as, ayuda a ofrecer una dimensi\u00f3n instant\u00e1nea y trabajable libre de grumos, define el poder de tu mirada. (Humectaci\u00f3n profunda de las fibras naturales de las pesta\u00f1as, promueve el crecimiento)<\/p>\n","protected":false},"excerpt":{"rendered":"<p>Choose Between 3 different types of Apple Mascara. Made in Mexico and enhances the natural volume of your eyelashes. Una m\u00e1scara que potencializa el volumen natural de tus pesta\u00f1as, ayuda<\/p>\n","protected":false},"featured_media":8559,"comment_status":"open","ping_status":"closed","template":"","meta":{"_acf_changed":false,"rank_math_lock_modified_date":false},"product_cat":[15],"product_tag":[],"acf":[],"_links":{"self":[{"href":"https:\/\/buyxpress.com\/pe\/wp-json\/wp\/v2\/product\/8236"}],"collection":[{"href":"https:\/\/buyxpress.com\/pe\/wp-json\/wp\/v2\/product"}],"about":[{"href":"https:\/\/buyxpress.com\/pe\/wp-json\/wp\/v2\/types\/product"}],"replies":[{"embeddable":true,"href":"https:\/\/buyxpress.com\/pe\/wp-json\/wp\/v2\/comments?post=8236"}],"wp:featuredmedia":[{"embeddable":true,"href":"https:\/\/buyxpress.com\/pe\/wp-json\/wp\/v2\/media\/8559"}],"wp:attachment":[{"href":"https:\/\/buyxpress.com\/pe\/wp-json\/wp\/v2\/media?parent=8236"}],"wp:term":[{"taxonomy":"product_cat","embeddable":true,"href":"https:\/\/buyxpress.com\/pe\/wp-json\/wp\/v2\/product_cat?post=8236"},{"taxonomy":"product_tag","embeddable":true,"href":"https:\/\/buyxpress.com\/pe\/wp-json\/wp\/v2\/product_tag?post=8236"}],"curies":[{"name":"wp","href":"https:\/\/api.w.org\/{rel}","templated":true}]}}