{"id":8260,"date":"2022-11-17T16:52:08","date_gmt":"2022-11-17T16:52:08","guid":{"rendered":"https:\/\/dev.buyxpress.com\/producto\/ironman-mens-2006-sunglasses-shield-black-74mm\/"},"modified":"2024-12-18T01:32:08","modified_gmt":"2024-12-18T01:32:08","slug":"ironman-mens-2006-sunglasses-shield-black-74mm","status":"publish","type":"product","link":"https:\/\/buyxpress.com\/pe\/producto\/ironman-mens-2006-sunglasses-shield-black-74mm\/","title":{"rendered":"IRONMAN Men&#8217;s 2006 Sunglasses Shield Black 74mm"},"content":{"rendered":"<p>The 2006 Ironman sport shades for men provide 100% UVA\/UVB eye protection in a shield-style frame made out of rubberized metallic navy plastic, so you can focus on the game, not the blinding sun. Double-injected red orange rubber in the tips of these rectangle sunglasses for men, together with the black rubber nose pads, help to hold the golf and baseball sunglasses securely in place, so they won&#8217;t fall off when you&#8217;re playing hard. For the ultimate in style and performance, the smoke grey lenses with vibrant blue purple mirror are also scratch- and impact-resistant with a hydrophobic coating that helps them to repel water. Ironman baseball and golf sunglasses for men are the ultimate triple-threat in durability, fit, and protection.<\/p>\n<p>Las persianas deportivas Ironman 2006 para hombre proporcionan protecci\u00f3n ocular 100% UVA\/UVB en un marco estilo escudo hecho de pl\u00e1stico azul marino met\u00e1lico de goma, por lo que puedes centrarte en el juego, no en el sol cegador. Goma roja y naranja de doble inyecci\u00f3n en las puntas de estos lentes de sol rectangulares para hombre, junto con las almohadillas de goma negra, ayudan a mantener los lentes de sol de golf y b\u00e9isbol en su lugar de forma segura, por lo que no se caer\u00e1n cuando juegas duro. Para lo \u00faltimo en estilo y rendimiento, las lentes gris humo con vibrante espejo azul morado tambi\u00e9n son resistentes a los ara\u00f1azos y a los impactos con un revestimiento hidrof\u00f3bico que les ayuda a repeler el agua. Los lentes de sol Ironman de b\u00e9isbol y golf para hombre son la triple amenaza definitiva en durabilidad, ajuste y protecci\u00f3n.<\/p>\n<p>2006 \uc544\uc774\uc5b8\ub9e8 \uc2a4\ud3ec\uce20 \uc250\uc774\ub4dc\ub294 \uace0\ubb34 \uba54\ud0c8\ub9ad \ub124\uc774\ube44 \ud50c\ub77c\uc2a4\ud2f1\uc73c\ub85c \ub9cc\ub4e0 \uc274\ub4dc \uc2a4\ud0c0\uc77c \ud504\ub808\uc784\uc73c\ub85c 100% UVA\/UVB \ub208 \ubcf4\ud638 \uae30\ub2a5\uc744 \uc81c\uacf5\ud558\ubbc0\ub85c \ub208\ubd80\uc2e0 \ud0dc\uc591\uc774 \uc544\ub2cc \uac8c\uc784\uc5d0 \uc9d1\uc911\ud560 \uc218 \uc788\uc2b5\ub2c8\ub2e4. \ub0a8\uc131\uc6a9 \uc9c1\uc0ac\uac01\ud615 \uc120\uae00\ub77c\uc2a4 \ub05d\uc5d0 \uc774\uc911 \uc8fc\uc785\ub41c \ub808\ub4dc \uc624\ub80c\uc9c0 \uace0\ubb34\uac00 \ube14\ub799 \uace0\ubb34 \ucf54 \ud328\ub4dc\uc640 \ud568\uaed8 \uace8\ud504 \ubc0f \uc57c\uad6c \uc120\uae00\ub77c\uc2a4\ub97c \uc81c\uc790\ub9ac\uc5d0 \ub2e8\ub2e8\ud788 \uace0\uc815\uc2dc\ucf1c \uc5f4\uc2ec\ud788 \ub180 \ub54c \ub5a8\uc5b4\uc9c0\uc9c0 \uc54a\uc2b5\ub2c8\ub2e4. \ucd5c\uace0\uc758 \uc2a4\ud0c0\uc77c\uacfc \uc131\ub2a5\uc744 \uc704\ud574 \uc0dd\uc0dd\ud55c \ube14\ub8e8 \ud37c\ud50c \ubbf8\ub7ec\uac00 \uc788\ub294 \uc2a4\ubaa8\ud06c \uadf8\ub808\uc774 \ub80c\uc988\ub294 \ubb3c\uc744 \ubc00\uc5b4\ub0b4\ub294 \ub370 \ub3c4\uc6c0\uc774 \ub418\ub294 \uc18c\uc218\uc131 \ucf54\ud305\uc73c\ub85c \uae01\ud798 \ubc0f \ucda9\uaca9\uc5d0 \uac15\ud569\ub2c8\ub2e4. Ironman \ub0a8\uc131\uc6a9 \uc57c\uad6c \ubc0f \uace8\ud504 \uc120\uae00\ub77c\uc2a4\ub294 \ub0b4\uad6c\uc131, \ucc29\uc6a9\uac10 \ubc0f \ubcf4\ud638 \uba74\uc5d0\uc11c \uad81\uadf9\uc801\uc778 3\uc911 \uc704\ud611\uc785\ub2c8\ub2e4.<\/p>\n","protected":false},"excerpt":{"rendered":"<p>The 2006 Ironman sport shades for men provide 100% UVA\/UVB eye protection in a shield-style frame made out of rubberized metallic navy plastic, so you can focus on the game,<\/p>\n","protected":false},"featured_media":0,"comment_status":"open","ping_status":"closed","template":"","meta":{"_acf_changed":false,"rank_math_lock_modified_date":false},"product_cat":[15],"product_tag":[],"acf":[],"_links":{"self":[{"href":"https:\/\/buyxpress.com\/pe\/wp-json\/wp\/v2\/product\/8260"}],"collection":[{"href":"https:\/\/buyxpress.com\/pe\/wp-json\/wp\/v2\/product"}],"about":[{"href":"https:\/\/buyxpress.com\/pe\/wp-json\/wp\/v2\/types\/product"}],"replies":[{"embeddable":true,"href":"https:\/\/buyxpress.com\/pe\/wp-json\/wp\/v2\/comments?post=8260"}],"wp:attachment":[{"href":"https:\/\/buyxpress.com\/pe\/wp-json\/wp\/v2\/media?parent=8260"}],"wp:term":[{"taxonomy":"product_cat","embeddable":true,"href":"https:\/\/buyxpress.com\/pe\/wp-json\/wp\/v2\/product_cat?post=8260"},{"taxonomy":"product_tag","embeddable":true,"href":"https:\/\/buyxpress.com\/pe\/wp-json\/wp\/v2\/product_tag?post=8260"}],"curies":[{"name":"wp","href":"https:\/\/api.w.org\/{rel}","templated":true}]}}