{"id":8388,"date":"2022-11-21T19:05:06","date_gmt":"2022-11-21T19:05:06","guid":{"rendered":"https:\/\/dev.buyxpress.com\/producto\/puma-mens-super-liga-og-retro-sneaker-8-5-limestone-peacoat\/"},"modified":"2022-11-21T19:05:06","modified_gmt":"2022-11-21T19:05:06","slug":"puma-mens-super-liga-og-retro-sneaker-8-5-limestone-peacoat","status":"publish","type":"product","link":"https:\/\/buyxpress.com\/pe\/producto\/puma-mens-super-liga-og-retro-sneaker-8-5-limestone-peacoat\/","title":{"rendered":"PUMA Men&#8217;s Super Liga Og Retro Sneaker 8.5 Limestone-peacoat"},"content":{"rendered":"<p>Our archive football&#8217; icon: super liga. A 1980s training shoe that over time has been embraced by the football terraces and style pages alike.<\/p>\n<p>Nuestro icono de f\u00fatbol de archivo: s\u00faper liga. Un zapato de entrenamiento de los a\u00f1os 80 que con el tiempo ha sido abrazado por las terrazas de f\u00fatbol y p\u00e1ginas de estilo por igual.<\/p>\n<p>\u05e1\u05de\u05dc \u05d4\u05db\u05d3\u05d5\u05e8\u05d2\u05dc \u05d4\u05d0\u05e8\u05db\u05d9\u05d5\u05df \u05e9\u05dc\u05e0\u05d5: \u05e1\u05d5\u05e4\u05e8 \u05dc\u05d9\u05d2\u05d4. \u05e0\u05e2\u05dc \u05d0\u05d9\u05de\u05d5\u05df \u05de\u05e9\u05e0\u05d5\u05ea \u05d4-80 \u05e9\u05d7\u05dc\u05e4\u05d5 \u05e2\u05dd \u05d4\u05d6\u05de\u05df \u05e2\u05dc \u05d9\u05d3\u05d9 \u05d8\u05e8\u05e1\u05d5\u05ea \u05d4\u05db\u05d3\u05d5\u05e8\u05d2\u05dc \u05d5\u05d3\u05e4\u05d9 \u05d4\u05e1\u05d2\u05e0\u05d5\u05df \u05db\u05d0\u05d7\u05d3.<\/p>\n<p>Unsere Fu\u00dfball-Archive Ikone: Super Liga. Ein Trainingsschuh aus den 80er-Jahren, der im Laufe der Zeit von Fu\u00dfballterrassen und Stilseiten gleicherma\u00dfen umarmt wurde.<\/p>\n<p>\u0623\u064a\u0642\u0648\u0646\u0629 \u0643\u0631\u0629 \u0627\u0644\u0642\u062f\u0645 \u0627\u0644\u0623\u0631\u0634\u0641\u0629 \u0627\u0644\u062e\u0627\u0635\u0629 \u0628\u0646\u0627: \u062f\u0648\u0631\u064a \u0641\u0627\u0626\u0642 \u0627\u0644\u0646\u0639\u0648\u0645\u0629. \u062d\u0630\u0627\u0621 \u062a\u062f\u0631\u064a\u0628 \u064a\u0639\u0648\u062f \u0625\u0644\u0649 \u0627\u0644\u062b\u0645\u0627\u0646\u064a\u0646\u064a\u0627\u062a \u0645\u0639 \u0645\u0631\u0648\u0631 \u0627\u0644\u0648\u0642\u062a \u0645\u0646 \u0642\u0628\u0644 \u0634\u0631\u0641\u0627\u062a \u0643\u0631\u0629 \u0627\u0644\u0642\u062f\u0645 \u0648\u0635\u0641\u062d\u0627\u062a \u0627\u0644\u0623\u0646\u0645\u0627\u0637 \u0639\u0644\u0649 \u062d\u062f \u0633\u0648\u0627\u0621.<\/p>\n<p>\u00cdcone do nosso arquivo de futebol: super liga. Um t\u00eanis de treinamento dos anos 80 que, com o tempo, foi adotado por terra\u00e7os de futebol e p\u00e1ginas de estilo.<\/p>\n<p>\u6211\u5011\u7684\u6a94\u6848\u8db3\u7403\u5716\u793a:\u8d85\u7d1a\u806f\u8cfd\u3002 \u4e00\u6b3e 1980 \u5e74\u4ee3\u7684\u8a13\u7df4\u978b,\u96a8\u8457\u6642\u9593\u7684\u63a8\u79fb,\u8db3\u7403\u9732\u53f0\u548c\u98a8\u683c\u9801\u9762\u4e00\u6a23\u3002<\/p>\n<p>\u6211\u4eec\u7684\u6863\u6848\u8db3\u7403\u56fe\u6807:\u8d85\u7ea7\u8054\u8d5b\u3002 20 \u4e16\u7eaa 80 \u5e74\u4ee3\u7684\u8bad\u7ec3\u978b,\u968f\u7740\u65f6\u95f4\u7684\u63a8\u79fb,\u8db3\u7403\u9732\u53f0\u548c\u98ce\u683c\u9875\u9762\u90fd\u62e5\u62b1\u3002<\/p>\n<p>\uc544\uce74\uc774\ube0c \ud48b\ubcfc \uc544\uc774\ucf58: \uc288\ud37c \ub9ac\uac00. \uc2dc\uac04\uc774 \uc9c0\ub0a8\uc5d0 \ub530\ub77c \ucd95\uad6c \ud14c\ub77c\uc2a4\uc640 \uc2a4\ud0c0\uc77c \ud398\uc774\uc9c0 \ubaa8\ub450\uc5d0\uc11c \uc0ac\ub791\ubc1b\ub294 1980\ub144\ub300 \ud2b8\ub808\uc774\ub2dd \uc288\uc988. <\/p>\n<p> PUMA is the global athletic brand that successfully fuses influences from sport, lifestyle and fashion. PUMA&#8217;s unique industry perspective delivers the unexpected in sport-lifestyle footwear, apparel and accessories, through technical innovation and revolutionary design.<\/p>\n","protected":false},"excerpt":{"rendered":"<p>Our archive football&#8217; icon: super liga. A 1980s training shoe that over time has been embraced by the football terraces and style pages alike. Nuestro icono de f\u00fatbol de archivo:<\/p>\n","protected":false},"featured_media":0,"comment_status":"open","ping_status":"closed","template":"","meta":{"_acf_changed":false,"rank_math_lock_modified_date":false},"product_cat":[15],"product_tag":[],"acf":[],"_links":{"self":[{"href":"https:\/\/buyxpress.com\/pe\/wp-json\/wp\/v2\/product\/8388"}],"collection":[{"href":"https:\/\/buyxpress.com\/pe\/wp-json\/wp\/v2\/product"}],"about":[{"href":"https:\/\/buyxpress.com\/pe\/wp-json\/wp\/v2\/types\/product"}],"replies":[{"embeddable":true,"href":"https:\/\/buyxpress.com\/pe\/wp-json\/wp\/v2\/comments?post=8388"}],"wp:attachment":[{"href":"https:\/\/buyxpress.com\/pe\/wp-json\/wp\/v2\/media?parent=8388"}],"wp:term":[{"taxonomy":"product_cat","embeddable":true,"href":"https:\/\/buyxpress.com\/pe\/wp-json\/wp\/v2\/product_cat?post=8388"},{"taxonomy":"product_tag","embeddable":true,"href":"https:\/\/buyxpress.com\/pe\/wp-json\/wp\/v2\/product_tag?post=8388"}],"curies":[{"name":"wp","href":"https:\/\/api.w.org\/{rel}","templated":true}]}}