{"id":8395,"date":"2022-11-21T19:37:37","date_gmt":"2022-11-21T19:37:37","guid":{"rendered":"https:\/\/dev.buyxpress.com\/producto\/mollis-store-anillos-sortijas-oro-14k-virgen-de-guadalupe-anillo-de-compromiso-matrimonio-boda-lujo-tamano-adjustable-joyeria-fina-de-moda-regalos-para-mujer\/"},"modified":"2023-02-12T17:24:26","modified_gmt":"2023-02-12T17:24:26","slug":"mollis-store-anillos-sortijas-oro-14k-virgen-de-guadalupe-anillo-de-compromiso-matrimonio-boda-lujo-tamano-adjustable-joyeria-fina-de-moda-regalos-para-mujer","status":"publish","type":"product","link":"https:\/\/buyxpress.com\/pe\/producto\/mollis-store-anillos-sortijas-oro-14k-virgen-de-guadalupe-anillo-de-compromiso-matrimonio-boda-lujo-tamano-adjustable-joyeria-fina-de-moda-regalos-para-mujer\/","title":{"rendered":"MOLLIS STORE Anillos Sortijas Oro 14k Virgen de Guadalupe Anillo de Compromiso Matrimonio Boda Lujo Tamano Adjustable Joyeria Fina de Moda Regalos para Mujer"},"content":{"rendered":"<p>\u2705\u3010DISENO DE ANILLOS\u3011: Anillos cl\u00e1sico de la Virgen Mar\u00eda de estilo religioso. Muestra un magn\u00edfico temperamento aristocr\u00e1tico. Mariah se usa como un accesorio de moda y puede mezclar, combinar, apilar o mantenerlo en su propio lado creativo. \u2705 MATERIAL: Cobre y acero inoxidable. La excelente tecnolog\u00eda de galvanoplastia lo hace fuerte, duradero y duradero, muy adecuado para el uso diario. Nos enfocamos en cada proceso del producto con el fin de brindarle el mejor producto. \u2705 TAMANO ESPECIFICO: Este anillo ajustable abierto se puede cambiar de tama\u00f1o desde el tama\u00f1o 5 al tama\u00f1o 13, lo que garantiza que se ajuste perfectamente a cualquier persona. Adecuado para la mayor\u00eda de las personas. \u2705 JOYAS Y REGALOS PERFECTOS PARA EL DIA A DIA: Saint Genevieve es una mecena generosa. Este anillo nos recuerda a todos que debemos llevar una vida pr\u00f3spera. Como la Virgen Mar\u00eda. Buenos regalos para cumplea\u00f1os, aniversarios, festivales, medios, graduaci\u00f3n, Navidad, San Valent\u00edn, d\u00eda de la madre, dama de honor. \ud83d\udc49 Su compra est\u00e1 100% garantizada \u2013 \u00a1Ord\u00e9nelo ya!<\/p>\n","protected":false},"excerpt":{"rendered":"<p>\u2705\u3010DISENO DE ANILLOS\u3011: Anillos cl\u00e1sico de la Virgen Mar\u00eda de estilo religioso. Muestra un magn\u00edfico temperamento aristocr\u00e1tico. Mariah se usa como un accesorio de moda y puede mezclar, combinar, apilar<\/p>\n","protected":false},"featured_media":0,"comment_status":"open","ping_status":"closed","template":"","meta":{"_acf_changed":false,"rank_math_lock_modified_date":false},"product_cat":[15],"product_tag":[],"acf":[],"_links":{"self":[{"href":"https:\/\/buyxpress.com\/pe\/wp-json\/wp\/v2\/product\/8395"}],"collection":[{"href":"https:\/\/buyxpress.com\/pe\/wp-json\/wp\/v2\/product"}],"about":[{"href":"https:\/\/buyxpress.com\/pe\/wp-json\/wp\/v2\/types\/product"}],"replies":[{"embeddable":true,"href":"https:\/\/buyxpress.com\/pe\/wp-json\/wp\/v2\/comments?post=8395"}],"wp:attachment":[{"href":"https:\/\/buyxpress.com\/pe\/wp-json\/wp\/v2\/media?parent=8395"}],"wp:term":[{"taxonomy":"product_cat","embeddable":true,"href":"https:\/\/buyxpress.com\/pe\/wp-json\/wp\/v2\/product_cat?post=8395"},{"taxonomy":"product_tag","embeddable":true,"href":"https:\/\/buyxpress.com\/pe\/wp-json\/wp\/v2\/product_tag?post=8395"}],"curies":[{"name":"wp","href":"https:\/\/api.w.org\/{rel}","templated":true}]}}