{"id":8440,"date":"2022-11-22T15:37:58","date_gmt":"2022-11-22T15:37:58","guid":{"rendered":"https:\/\/dev.buyxpress.com\/producto\/adidas-mens-runfalcon-2-0-running-shoe-9-black-white-grey\/"},"modified":"2024-10-03T19:23:55","modified_gmt":"2024-10-03T19:23:55","slug":"adidas-mens-runfalcon-2-0-running-shoe-9-black-white-grey","status":"publish","type":"product","link":"https:\/\/buyxpress.com\/pe\/producto\/adidas-mens-runfalcon-2-0-running-shoe-9-black-white-grey\/","title":{"rendered":"adidas Men&#8217;s Runfalcon 2.0 Running Shoe 9 Black\/White\/Grey"},"content":{"rendered":"<p>Strap up in these men&#8217;s adidas shoes and you&#8217;re set for your morning run and then lunch with friends. The mesh upper is breathable for all-day comfort, and the rubber outsole gives you a sure-footed feel, no matter what the day brings.<\/p>\n<p>Ponte estos zapatos adidas para hombre y estar\u00e1s listo para tu carrera matutina y luego para un almuerzo con amigos. El empeine de malla es transpirable para brindar comodidad durante todo el d\u00eda, y la suela de goma te da una sensaci\u00f3n de seguridad en los pies, sin importar lo que depare tu d\u00eda.<\/p>\n<p>\u05ea\u05dc\u05d1\u05e9\u05d9 \u05d0\u05ea \u05d4\u05e0\u05e2\u05dc\u05d9\u05d9\u05dd \u05d4\u05d0\u05dc\u05d4 \u05dc\u05d2\u05d1\u05e8\u05d9\u05dd \u05e9\u05dc \u05d0\u05d3\u05d9\u05d3\u05e1 \u05d5\u05d0\u05ea\u05d4 \u05de\u05d5\u05db\u05df \u05dc\u05e8\u05d9\u05e6\u05ea \u05d4\u05d1\u05d5\u05e7\u05e8 \u05e9\u05dc\u05da \u05d5\u05d0\u05d6 \u05dc\u05d0\u05e8\u05d5\u05d7\u05ea \u05e6\u05d4\u05e8\u05d9\u05d9\u05dd \u05e2\u05dd \u05d7\u05d1\u05e8\u05d9\u05dd. \u05d4\u05d7\u05dc\u05e7 \u05d4\u05e2\u05dc\u05d9\u05d5\u05df \u05de\u05e8\u05e9\u05ea \u05e0\u05d5\u05e9\u05dd \u05dc\u05e0\u05d5\u05d7\u05d5\u05ea \u05dc\u05d0\u05d5\u05e8\u05da \u05db\u05dc \u05d4\u05d9\u05d5\u05dd, \u05d5\u05e1\u05d5\u05dc\u05d9\u05d4 \u05d7\u05d9\u05e6\u05d5\u05e0\u05d9\u05ea \u05de\u05d2\u05d5\u05de\u05d9 \u05de\u05e2\u05e0\u05d9\u05e7\u05d4 \u05dc\u05db\u05dd \u05ea\u05d7\u05d5\u05e9\u05d4 \u05d1\u05d8\u05d5\u05d7\u05d4, \u05dc\u05d0 \u05de\u05e9\u05e0\u05d4 \u05de\u05d4 \u05d4\u05d9\u05d5\u05dd \u05de\u05d1\u05d9\u05d0.<\/p>\n<p>Ziehen Sie sich in diesen Herren-Adidas-Schuhen ein und Sie sind bereit f\u00fcr Ihren morgendlichen Lauf und dann das Mittagessen mit Freunden. Das Mesh-Obermaterial ist atmungsaktiv f\u00fcr ganzt\u00e4gigen Komfort, und die Gummi-Au\u00dfensohle gibt Ihnen ein sicheres Gef\u00fchl, egal was der Tag bringt.<\/p>\n<p>\u0627\u0631\u062a\u062f \u062d\u0630\u0627\u0621 \u0627\u062f\u064a\u062f\u0627\u0633 \u0627\u0644\u0631\u062c\u0627\u0644\u064a \u0647\u0630\u0627 \u0648\u0633\u062a\u0643\u0648\u0646 \u062c\u0627\u0647\u0632\u064b\u0627 \u0644\u0644\u062c\u0631\u064a \u0627\u0644\u0635\u0628\u0627\u062d\u064a \u062b\u0645 \u0627\u0644\u063a\u062f\u0627\u0621 \u0645\u0639 \u0627\u0644\u0623\u0635\u062f\u0642\u0627\u0621. \u0627\u0644\u062c\u0632\u0621 \u0627\u0644\u0639\u0644\u0648\u064a \u0627\u0644\u0634\u0628\u0643\u064a \u062c\u064a\u062f \u0627\u0644\u062a\u0647\u0648\u064a\u0629 \u0644\u062a\u0648\u0641\u064a\u0631 \u0627\u0644\u0631\u0627\u062d\u0629 \u0637\u0648\u0627\u0644 \u0627\u0644\u064a\u0648\u0645\u060c \u0648\u064a\u0645\u0646\u062d\u0643 \u0627\u0644\u0646\u0639\u0644 \u0627\u0644\u062e\u0627\u0631\u062c\u064a \u0627\u0644\u0645\u0637\u0627\u0637\u064a \u0634\u0639\u0648\u0631\u064b\u0627 \u0645\u0624\u0643\u062f\u064b\u0627\u060c \u0628\u063a\u0636 \u0627\u0644\u0646\u0638\u0631 \u0639\u0646 \u0645\u0627 \u064a\u062c\u0644\u0628\u0647 \u0627\u0644\u064a\u0648\u0645.<\/p>\n<p>Coloque estes sapatos masculinos Adidas e voc\u00ea estar\u00e1 pronto para sua corrida matinal e depois almo\u00e7ar com amigos. O cabedal de malha \u00e9 respir\u00e1vel para conforto durante todo o dia, e a sola de borracha d\u00e1 a voc\u00ea uma sensa\u00e7\u00e3o tranquila, n\u00e3o importa o que o dia traz.<\/p>\n<p>\u7a7f\u4e0a\u8fd9\u4e9b\u7537\u58eb adidas \u978b,\u60a8\u5c31\u53ef\u4ee5\u5f00\u59cb\u65e9\u6668\u8dd1\u6b65,\u7136\u540e\u4e0e\u670b\u53cb\u4e00\u8d77\u5403\u996d\u3002 \u7f51\u773c\u978b\u9762\u900f\u6c14, \u5168\u5929\u8212\u9002, \u6a61\u80f6\u5916\u5e95\u7ed9\u4f60\u4e00\u4e2a\u7a33\u56fa\u7684\u611f\u89c9, \u65e0\u8bba\u4e00\u5929\u5e26\u6765\u4ec0\u4e48\u3002<\/p>\n<p>\u7a7f\u4e0a\u9019\u4e9b\u7537\u6b3e adidas \u978b,\u5c31\u6e96\u5099\u597d\u8fce\u63a5\u65e9\u6668\u8dd1\u6b65,\u7136\u5f8c\u8207\u670b\u53cb\u4e00\u8d77\u5348\u9910\u3002 \u7db2\u773c\u978b\u9762\u900f\u6c23,\u63d0\u4f9b\u5168\u5929\u7684\u8212\u9069\u611f,\u7121\u8ad6\u4ec0\u9ebc\u4e00\u5929\u90fd\u80fd\u70ba\u60a8\u63d0\u4f9b\u7a69\u5b9a\u7684\u611f\u89ba\u3002 \u200b<\/p>\n<p>\uc774 \ub0a8\uc131\uc6a9 \uc544\ub514\ub2e4\uc2a4 \uc2e0\ubc1c\uc744 \uc2e0\uc73c\uba74 \uc544\uce68 \ub2ec\ub9ac\uae30\ub97c \ud558\uace0 \uce5c\uad6c\ub4e4\uacfc \uc810\uc2ec\uc744 \uba39\uc744 \uc218 \uc788\uc2b5\ub2c8\ub2e4. \uba54\uc2dc \uac11\ud53c\ub294 \ud1b5\uae30\uc131\uc774 \uc88b\uc544 \ud558\ub8e8 \uc885\uc77c \ud3b8\uc548\ud568\uc744 \uc81c\uacf5\ud558\uba70, \uace0\ubb34 \ubc11\ucc3d\uc740 \ud558\ub8e8 \uc885\uc77c \ubc1c\uc744 \ud3b8\uc548\ud558\uac8c \ud574\uc90d\ub2c8\ub2e4.<\/p>\n","protected":false},"excerpt":{"rendered":"<p>Strap up in these men&#8217;s adidas shoes and you&#8217;re set for your morning run and then lunch with friends. The mesh upper is breathable for all-day comfort, and the rubber<\/p>\n","protected":false},"featured_media":8441,"comment_status":"open","ping_status":"closed","template":"","meta":{"_acf_changed":false,"rank_math_lock_modified_date":false},"product_cat":[15],"product_tag":[],"acf":[],"_links":{"self":[{"href":"https:\/\/buyxpress.com\/pe\/wp-json\/wp\/v2\/product\/8440"}],"collection":[{"href":"https:\/\/buyxpress.com\/pe\/wp-json\/wp\/v2\/product"}],"about":[{"href":"https:\/\/buyxpress.com\/pe\/wp-json\/wp\/v2\/types\/product"}],"replies":[{"embeddable":true,"href":"https:\/\/buyxpress.com\/pe\/wp-json\/wp\/v2\/comments?post=8440"}],"wp:featuredmedia":[{"embeddable":true,"href":"https:\/\/buyxpress.com\/pe\/wp-json\/wp\/v2\/media\/8441"}],"wp:attachment":[{"href":"https:\/\/buyxpress.com\/pe\/wp-json\/wp\/v2\/media?parent=8440"}],"wp:term":[{"taxonomy":"product_cat","embeddable":true,"href":"https:\/\/buyxpress.com\/pe\/wp-json\/wp\/v2\/product_cat?post=8440"},{"taxonomy":"product_tag","embeddable":true,"href":"https:\/\/buyxpress.com\/pe\/wp-json\/wp\/v2\/product_tag?post=8440"}],"curies":[{"name":"wp","href":"https:\/\/api.w.org\/{rel}","templated":true}]}}